{"id":855,"date":"2023-04-23T09:05:40","date_gmt":"2023-04-23T12:05:40","guid":{"rendered":"https:\/\/fysinformatica.com\/new2\/?page_id=855"},"modified":"2023-08-10T08:30:16","modified_gmt":"2023-08-10T11:30:16","slug":"paginas-web-de-utilidad","status":"publish","type":"page","link":"https:\/\/fysinformatica.com\/new2\/paginas-web-de-utilidad\/","title":{"rendered":"P\u00e1ginas Web de Utilidad"},"content":{"rendered":"<div class=\"flex-1 overflow-hidden\">\n<div class=\"react-scroll-to-bottom--css-lfnwx-79elbk h-full dark:bg-gray-800\">\n<div class=\"react-scroll-to-bottom--css-lfnwx-1n7m0yu\">\n<div class=\"flex flex-col text-sm dark:bg-gray-800\">\n<div class=\"group w-full text-token-text-primary border-b border-black\/10 dark:border-gray-900\/50 bg-gray-50 dark:bg-[#444654]\">\n<div class=\"flex p-4 gap-4 text-base md:gap-6 md:max-w-2xl lg:max-w-[38rem] xl:max-w-3xl md:py-6 lg:px-0 m-auto\">\n<div class=\"relative flex w-[calc(100%-50px)] flex-col gap-1 md:gap-3 lg:w-[calc(100%-115px)]\">\n<div class=\"flex flex-grow flex-col gap-3\">\n<div class=\"min-h-[20px] flex flex-col items-start gap-3 overflow-x-auto whitespace-pre-wrap break-words\">\n<div class=\"markdown prose w-full break-words dark:prose-invert light\">\n<p style=\"text-align: justify;\">A continuaci\u00f3n se presenta una recopilaci\u00f3n de p\u00e1ginas web que ofrecen herramientas forenses. Es importante destacar que este listado se compone de diversas herramientas para ser utilizadas con prop\u00f3sitos educativos. Antes de emplear cualquier herramienta, se recomienda llevar a cabo un an\u00e1lisis detenido para determinar si cumple con el prop\u00f3sito del caso en estudio. Cabe mencionar que cualquier uso inadecuado de estas herramientas recae en la responsabilidad del usuario.<\/p>\n<\/div>\n<\/div>\n<\/div>\n<\/div>\n<\/div>\n<\/div>\n<\/div>\n<\/div>\n<\/div>\n<\/div>\n<h1>Enlace a p\u00e1ginas con numerosas herramientas<\/h1>\n<ul>\n<li><a href=\"http:\/\/webstatsdomain.org\" target=\"_blank\" rel=\"nofollow noopener\">https:\/\/webstatsdomain.org<\/a><\/li>\n<li><a href=\"https:\/\/start.me\/p\/rxRbpo\/ti\" target=\"_blank\" rel=\"noopener\">https:\/\/github.com\/cqcore\/Email-Username-OSINT<\/a><\/li>\n<li><a href=\"https:\/\/start.me\/p\/rxRbpo\/cti\" target=\"_blank\" rel=\"noopener\">https:\/\/start.me\/p\/rxRbpo\/cti<\/a><\/li>\n<li><a href=\"https:\/\/github.com\/mesquidar\/ForensicsTools\" target=\"_blank\" rel=\"noopener\">https:\/\/github.com\/mesquidar\/ForensicsTools<\/a><\/li>\n<li><a href=\"https:\/\/github.com\/wddadk\/Offensive-OSINT-Tools\" target=\"_blank\" rel=\"noopener\">https:\/\/github.com\/wddadk\/Offensive-OSINT-Tools<\/a><\/li>\n<\/ul>\n<p>&nbsp;<\/p>\n<p>&nbsp;<\/p>\n<p>&nbsp;<\/p>\n","protected":false},"excerpt":{"rendered":"<p>A continuaci\u00f3n se presenta una recopilaci\u00f3n de p\u00e1ginas web que ofrecen herramientas forenses. Es importante destacar que este listado se compone de diversas herramientas para ser utilizadas con prop\u00f3sitos educativos. Antes de emplear cualquier herramienta, se recomienda llevar a cabo un an\u00e1lisis detenido para determinar si cumple con el prop\u00f3sito del caso en estudio. Cabe [&hellip;]<\/p>\n","protected":false},"author":1,"featured_media":0,"parent":0,"menu_order":0,"comment_status":"closed","ping_status":"closed","template":"","meta":{"footnotes":""},"class_list":["post-855","page","type-page","status-publish","hentry"],"yoast_head":"<!-- This site is optimized with the Yoast SEO plugin v27.6 - https:\/\/yoast.com\/product\/yoast-seo-wordpress\/ -->\n<title>P\u00e1ginas Web de Utilidad - Perito Inform\u00e1tico Forense<\/title>\n<meta name=\"robots\" content=\"index, follow, max-snippet:-1, max-image-preview:large, max-video-preview:-1\" \/>\n<link rel=\"canonical\" href=\"https:\/\/fysinformatica.com\/new2\/paginas-web-de-utilidad\/\" \/>\n<meta property=\"og:locale\" content=\"es_ES\" \/>\n<meta property=\"og:type\" content=\"article\" \/>\n<meta property=\"og:title\" content=\"P\u00e1ginas Web de Utilidad - Perito Inform\u00e1tico Forense\" \/>\n<meta property=\"og:description\" content=\"A continuaci\u00f3n se presenta una recopilaci\u00f3n de p\u00e1ginas web que ofrecen herramientas forenses. Es importante destacar que este listado se compone de diversas herramientas para ser utilizadas con prop\u00f3sitos educativos. Antes de emplear cualquier herramienta, se recomienda llevar a cabo un an\u00e1lisis detenido para determinar si cumple con el prop\u00f3sito del caso en estudio. Cabe [&hellip;]\" \/>\n<meta property=\"og:url\" content=\"https:\/\/fysinformatica.com\/new2\/paginas-web-de-utilidad\/\" \/>\n<meta property=\"og:site_name\" content=\"Perito Inform\u00e1tico Forense\" \/>\n<meta property=\"article:modified_time\" content=\"2023-08-10T11:30:16+00:00\" \/>\n<meta name=\"twitter:card\" content=\"summary_large_image\" \/>\n<meta name=\"twitter:label1\" content=\"Tiempo de lectura\" \/>\n\t<meta name=\"twitter:data1\" content=\"1 minuto\" \/>\n<script type=\"application\/ld+json\" class=\"yoast-schema-graph\">{\"@context\":\"https:\\\/\\\/schema.org\",\"@graph\":[{\"@type\":\"WebPage\",\"@id\":\"https:\\\/\\\/fysinformatica.com\\\/new2\\\/paginas-web-de-utilidad\\\/\",\"url\":\"https:\\\/\\\/fysinformatica.com\\\/new2\\\/paginas-web-de-utilidad\\\/\",\"name\":\"P\u00e1ginas Web de Utilidad - Perito Inform\u00e1tico Forense\",\"isPartOf\":{\"@id\":\"https:\\\/\\\/fysinformatica.com\\\/new2\\\/#website\"},\"datePublished\":\"2023-04-23T12:05:40+00:00\",\"dateModified\":\"2023-08-10T11:30:16+00:00\",\"breadcrumb\":{\"@id\":\"https:\\\/\\\/fysinformatica.com\\\/new2\\\/paginas-web-de-utilidad\\\/#breadcrumb\"},\"inLanguage\":\"es\",\"potentialAction\":[{\"@type\":\"ReadAction\",\"target\":[\"https:\\\/\\\/fysinformatica.com\\\/new2\\\/paginas-web-de-utilidad\\\/\"]}]},{\"@type\":\"BreadcrumbList\",\"@id\":\"https:\\\/\\\/fysinformatica.com\\\/new2\\\/paginas-web-de-utilidad\\\/#breadcrumb\",\"itemListElement\":[{\"@type\":\"ListItem\",\"position\":1,\"name\":\"Portada\",\"item\":\"https:\\\/\\\/fysinformatica.com\\\/new2\\\/\"},{\"@type\":\"ListItem\",\"position\":2,\"name\":\"P\u00e1ginas Web de Utilidad\"}]},{\"@type\":\"WebSite\",\"@id\":\"https:\\\/\\\/fysinformatica.com\\\/new2\\\/#website\",\"url\":\"https:\\\/\\\/fysinformatica.com\\\/new2\\\/\",\"name\":\"Perito Inform\u00e1tico Forense\",\"description\":\"\",\"publisher\":{\"@id\":\"https:\\\/\\\/fysinformatica.com\\\/new2\\\/#\\\/schema\\\/person\\\/5ec1f03e4a0ea7b72643b272b7236c13\"},\"potentialAction\":[{\"@type\":\"SearchAction\",\"target\":{\"@type\":\"EntryPoint\",\"urlTemplate\":\"https:\\\/\\\/fysinformatica.com\\\/new2\\\/?s={search_term_string}\"},\"query-input\":{\"@type\":\"PropertyValueSpecification\",\"valueRequired\":true,\"valueName\":\"search_term_string\"}}],\"inLanguage\":\"es\"},{\"@type\":[\"Person\",\"Organization\"],\"@id\":\"https:\\\/\\\/fysinformatica.com\\\/new2\\\/#\\\/schema\\\/person\\\/5ec1f03e4a0ea7b72643b272b7236c13\",\"name\":\"Fabi\u00e1n Abel Rocha\",\"image\":{\"@type\":\"ImageObject\",\"inLanguage\":\"es\",\"@id\":\"https:\\\/\\\/secure.gravatar.com\\\/avatar\\\/8c8f49babfab8102e90e4cbe9472df2cbb160e9ea66074070642c8e707185647?s=96&d=mm&r=g\",\"url\":\"https:\\\/\\\/secure.gravatar.com\\\/avatar\\\/8c8f49babfab8102e90e4cbe9472df2cbb160e9ea66074070642c8e707185647?s=96&d=mm&r=g\",\"contentUrl\":\"https:\\\/\\\/secure.gravatar.com\\\/avatar\\\/8c8f49babfab8102e90e4cbe9472df2cbb160e9ea66074070642c8e707185647?s=96&d=mm&r=g\",\"caption\":\"Fabi\u00e1n Abel Rocha\"},\"logo\":{\"@id\":\"https:\\\/\\\/secure.gravatar.com\\\/avatar\\\/8c8f49babfab8102e90e4cbe9472df2cbb160e9ea66074070642c8e707185647?s=96&d=mm&r=g\"},\"sameAs\":[\"https:\\\/\\\/fysinformatica.com\\\/new2\"]}]}<\/script>\n<!-- \/ Yoast SEO plugin. -->","yoast_head_json":{"title":"P\u00e1ginas Web de Utilidad - Perito Inform\u00e1tico Forense","robots":{"index":"index","follow":"follow","max-snippet":"max-snippet:-1","max-image-preview":"max-image-preview:large","max-video-preview":"max-video-preview:-1"},"canonical":"https:\/\/fysinformatica.com\/new2\/paginas-web-de-utilidad\/","og_locale":"es_ES","og_type":"article","og_title":"P\u00e1ginas Web de Utilidad - Perito Inform\u00e1tico Forense","og_description":"A continuaci\u00f3n se presenta una recopilaci\u00f3n de p\u00e1ginas web que ofrecen herramientas forenses. Es importante destacar que este listado se compone de diversas herramientas para ser utilizadas con prop\u00f3sitos educativos. Antes de emplear cualquier herramienta, se recomienda llevar a cabo un an\u00e1lisis detenido para determinar si cumple con el prop\u00f3sito del caso en estudio. Cabe [&hellip;]","og_url":"https:\/\/fysinformatica.com\/new2\/paginas-web-de-utilidad\/","og_site_name":"Perito Inform\u00e1tico Forense","article_modified_time":"2023-08-10T11:30:16+00:00","twitter_card":"summary_large_image","twitter_misc":{"Tiempo de lectura":"1 minuto"},"schema":{"@context":"https:\/\/schema.org","@graph":[{"@type":"WebPage","@id":"https:\/\/fysinformatica.com\/new2\/paginas-web-de-utilidad\/","url":"https:\/\/fysinformatica.com\/new2\/paginas-web-de-utilidad\/","name":"P\u00e1ginas Web de Utilidad - Perito Inform\u00e1tico Forense","isPartOf":{"@id":"https:\/\/fysinformatica.com\/new2\/#website"},"datePublished":"2023-04-23T12:05:40+00:00","dateModified":"2023-08-10T11:30:16+00:00","breadcrumb":{"@id":"https:\/\/fysinformatica.com\/new2\/paginas-web-de-utilidad\/#breadcrumb"},"inLanguage":"es","potentialAction":[{"@type":"ReadAction","target":["https:\/\/fysinformatica.com\/new2\/paginas-web-de-utilidad\/"]}]},{"@type":"BreadcrumbList","@id":"https:\/\/fysinformatica.com\/new2\/paginas-web-de-utilidad\/#breadcrumb","itemListElement":[{"@type":"ListItem","position":1,"name":"Portada","item":"https:\/\/fysinformatica.com\/new2\/"},{"@type":"ListItem","position":2,"name":"P\u00e1ginas Web de Utilidad"}]},{"@type":"WebSite","@id":"https:\/\/fysinformatica.com\/new2\/#website","url":"https:\/\/fysinformatica.com\/new2\/","name":"Perito Inform\u00e1tico Forense","description":"","publisher":{"@id":"https:\/\/fysinformatica.com\/new2\/#\/schema\/person\/5ec1f03e4a0ea7b72643b272b7236c13"},"potentialAction":[{"@type":"SearchAction","target":{"@type":"EntryPoint","urlTemplate":"https:\/\/fysinformatica.com\/new2\/?s={search_term_string}"},"query-input":{"@type":"PropertyValueSpecification","valueRequired":true,"valueName":"search_term_string"}}],"inLanguage":"es"},{"@type":["Person","Organization"],"@id":"https:\/\/fysinformatica.com\/new2\/#\/schema\/person\/5ec1f03e4a0ea7b72643b272b7236c13","name":"Fabi\u00e1n Abel Rocha","image":{"@type":"ImageObject","inLanguage":"es","@id":"https:\/\/secure.gravatar.com\/avatar\/8c8f49babfab8102e90e4cbe9472df2cbb160e9ea66074070642c8e707185647?s=96&d=mm&r=g","url":"https:\/\/secure.gravatar.com\/avatar\/8c8f49babfab8102e90e4cbe9472df2cbb160e9ea66074070642c8e707185647?s=96&d=mm&r=g","contentUrl":"https:\/\/secure.gravatar.com\/avatar\/8c8f49babfab8102e90e4cbe9472df2cbb160e9ea66074070642c8e707185647?s=96&d=mm&r=g","caption":"Fabi\u00e1n Abel Rocha"},"logo":{"@id":"https:\/\/secure.gravatar.com\/avatar\/8c8f49babfab8102e90e4cbe9472df2cbb160e9ea66074070642c8e707185647?s=96&d=mm&r=g"},"sameAs":["https:\/\/fysinformatica.com\/new2"]}]}},"_links":{"self":[{"href":"https:\/\/fysinformatica.com\/new2\/wp-json\/wp\/v2\/pages\/855","targetHints":{"allow":["GET"]}}],"collection":[{"href":"https:\/\/fysinformatica.com\/new2\/wp-json\/wp\/v2\/pages"}],"about":[{"href":"https:\/\/fysinformatica.com\/new2\/wp-json\/wp\/v2\/types\/page"}],"author":[{"embeddable":true,"href":"https:\/\/fysinformatica.com\/new2\/wp-json\/wp\/v2\/users\/1"}],"replies":[{"embeddable":true,"href":"https:\/\/fysinformatica.com\/new2\/wp-json\/wp\/v2\/comments?post=855"}],"version-history":[{"count":13,"href":"https:\/\/fysinformatica.com\/new2\/wp-json\/wp\/v2\/pages\/855\/revisions"}],"predecessor-version":[{"id":1210,"href":"https:\/\/fysinformatica.com\/new2\/wp-json\/wp\/v2\/pages\/855\/revisions\/1210"}],"wp:attachment":[{"href":"https:\/\/fysinformatica.com\/new2\/wp-json\/wp\/v2\/media?parent=855"}],"curies":[{"name":"wp","href":"https:\/\/api.w.org\/{rel}","templated":true}]}}